{"id":1400,"date":"2021-07-23T14:54:54","date_gmt":"2021-07-23T12:54:54","guid":{"rendered":"https:\/\/mikado-restauracja.pl\/polityka-prywatnosci\/"},"modified":"2022-05-16T14:45:38","modified_gmt":"2022-05-16T12:45:38","slug":"datenschutzerklaerung","status":"publish","type":"page","link":"https:\/\/mikado-restauracja.pl\/de\/datenschutzerklaerung\/","title":{"rendered":"Datenschutzerkl\u00e4rung"},"content":{"rendered":"<p>Firma Promenada Zak\u0142ad Gastronomiczny Tadeusz Trzci\u0144ski w\u0142a\u015bciciel serwisu\u00a0<strong>http:\/\/mikado-restauracja.pl\/<\/strong>, obowi\u0105zuje si\u0119 do poszanowania Pa\u0144stwa prawa do prywatno\u015bci w Internecie oraz do\u0142o\u017cenia wszelkich stara\u0144 w zakresie w\u0142a\u015bciwego zabezpieczenia wszelkich udost\u0119pnionych danych osobowych.<\/p>\n<p><strong>1. Dane Osobowe:<\/strong><\/p>\n<p>Administratorem danych osobowych u\u017cytkownik\u00f3w strony internetowej jest Promenada Zak\u0142ad Gastronomiczny Tadeusz Trzci\u0144ski<strong>, NIP: 851-010-11-41, Bulwar Jana Szyma\u0144skiego 10 78-100 Ko\u0142obrzeg.<\/strong>\u00a0(\u201eAdministrator\u201d, \u201eUs\u0142ugodawca\u201d).<\/p>\n<p>Przetwarzanie danych osobowych odbywa si\u0119 na zasadach okre\u015blonych przepisami na gruncie Rozporz\u0105dzenia Parlamentu Europejskiego i Rady Unii Europejskiej 2016\/679 z dnia 27 kwietnia 2016 r. w sprawie ochrony os\u00f3b fizycznych w zwi\u0105zku z przetwarzaniem danych osobowych i w sprawie swobodnego przep\u0142ywu takich danych oraz uchylenia dyrektywy 95\/46\/WE (dalej: \u201eRODO\u201d), ustawie o \u015bwiadczeniu us\u0142ug drog\u0105 elektroniczn\u0105, ustawie prawo telekomunikacyjne oraz postanowieniach niniejszej polityki.<\/p>\n<p>W razie pyta\u0144 dotycz\u0105cych przetwarzania Pa\u0144stwa danych osobowych oraz przys\u0142uguj\u0105cych Pa\u0144stwu praw, prosimy o kontakt drog\u0105 mailow\u0105: <strong>biuro@trzcinscy.com<\/strong><strong>.<\/strong><\/p>\n<p>Podanie danych ma charakter dobrowolny, jednak jest konieczne do przygotowania oferty handlowej.<\/p>\n<p>Administrator przetwarza nast\u0119puj\u0105ce dane osobowe za pomoc\u0105 umieszczonego na stronie formularza kontaktowego:<\/p>\n<p>\u2013 Imi\u0119 i nazwisko<\/p>\n<p>\u2013 Adres e-mail<\/p>\n<p>\u2013 Numer telefonu<\/p>\n<p>\u2013 Tre\u015b\u0107 wiadomo\u015bci, zapytania ofertowego<\/p>\n<p>Podstawa prawna: Przetwarzanie jest niezb\u0119dne do podj\u0119cia dzia\u0142a\u0144 na \u017c\u0105danie osoby, kt\u00f3rej dane dotycz\u0105, przed zawarciem umowy oraz Nasz prawnie uzasadniony interes (przetwarzanie na \u017c\u0105danie osoby, kt\u00f3rej dane dotycz\u0105).<\/p>\n<p>Przetwarzamy r\u00f3wnie\u017c dane osobowe os\u00f3b aplikuj\u0105cych na stanowiska pracy, na podstawie uzyskanej od nich zg\u00f3d na potrzeby prowadzenie obecnej lub przysz\u0142ej rekrutacji.<\/p>\n<p>W przypadku danych osobowych pozyskanych w inny spos\u00f3b, ni\u017c przez stron\u0119 http:\/\/mikado-restauracja.pl\/ (telefon, adres e-mail itd.) dane przetwarzamy wy\u0142\u0105cznie w celu, w jakim zosta\u0142y udost\u0119pnione i przez czas jaki jest konieczny do realizacji tego celu. W przypadku planowanej zmiany celu przetwarzania, zawsze pytamy w\u0142a\u015bciciela danych osobowych o zgod\u0119 i informujemy o zmieniaj\u0105cych si\u0119 warunkach przetwarzania danych.<\/p>\n<p>Dane osobowe zgromadzone przez Administratora mog\u0105 by\u0107 udost\u0119pnione:<\/p>\n<p>odpowiednim organom pa\u0144stwowym na ich \u017c\u0105danie na podstawie odpowiednich przepis\u00f3w prawa, innym osobom i podmiotom \u2013 w celach zwi\u0105zanych z przygotowaniem i zawarciem umowy i w przypadkach przewidzianych przez przepisy prawa.<\/p>\n<p>Administrator nie przekazuje danych osobowych do pa\u0144stw trzecich ani organizacji mi\u0119dzynarodowych.<\/p>\n<p>Administrator stosuje odpowiednie \u015brodki techniczne i organizacyjne zapewniaj\u0105ce bezpiecze\u0144stwo danych osobowych udost\u0119pnionych przez u\u017cytkownik\u00f3w, w szczeg\u00f3lno\u015bci uniemo\u017cliwiaj\u0105ce dost\u0119p do nich osobom trzecim lub ich przetwarzanie z naruszeniem przepis\u00f3w prawa, zapobiegaj\u0105ce utracie danych, ich uszkodzeniu lub zniszczeniu.<\/p>\n<p>Ka\u017cdy u\u017cytkownik posiada prawo do :<\/p>\n<ol>\n<li>dost\u0119pu do swoich danych osobowych, prawo dokonywania uzupe\u0142nienia, korekt oraz aktualizacji tre\u015bci danych w drodze komunikacji elektronicznej z administratorem danych,<\/li>\n<li>\u017c\u0105dania czasowego lub sta\u0142ego wstrzymania przetwarzania danych osobowych lub ich usuni\u0119cia, o ile okaza\u0142yby si\u0119 one niekompletne, nieaktualne, nieprawdziwe lub zebrane z naruszeniem przepis\u00f3w prawa,<\/li>\n<li>sprzeciwu wobec przetwarzania ich danych osobowych \u2013 w przypadkach przewidzianych przepisami prawa \u2013 oraz prawo \u017c\u0105dania ich usuni\u0119cia, gdy stan\u0105 si\u0119 one zb\u0119dne do realizacji celu, dla kt\u00f3rego zosta\u0142y zebrane.<\/li>\n<\/ol>\n<p>W celu realizacji uprawnie\u0144 wskazanych w punktach 1, 2 i 3 nale\u017cy skontaktowa\u0107 si\u0119 z Administratorem danych, czyli Promenada Zak\u0142ad Gastronomiczny Tadeusz Trzci\u0144ski<strong>,\u00a0 NIP: 851-010-11-41, Bulwar Jana Szyma\u0144skiego 10 78-100 Ko\u0142obrzeg.<\/strong><\/p>\n<p>Osoba kt\u00f3rej dane dotycz\u0105 mo\u017ce cofn\u0105\u0107 zgod\u0119 na przetwarzanie danych osobowych w dowolnym momencie poprzez przes\u0142anie wiadomo\u015bci email na adres naszego biura:\u00a0<strong>biuro@trzcinscy.com.<\/strong>\u00a0W wiadomo\u015bci prosimy o podanie danych, kt\u00f3re maj\u0105 by\u0107 wykre\u015blone z naszych baz danych.<\/p>\n<p>Cofni\u0119cie zgody odnosi skutek od momentu tego zdarzenia. Dane s\u0105 przetwarzane tak d\u0142ugo, jak Pa\u0144stwo si\u0119 na to zgadzacie, chyba \u017ce dalsze przetwarzanie jest niezb\u0119dne do wykonania obowi\u0105zk\u00f3w wynikaj\u0105cych z przepis\u00f3w prawa (na przyk\u0142ad w zakresie zobowi\u0105za\u0144 podatkowych, lub w zakresie r\u0119kojmi i gwarancji wynikaj\u0105cych z zawartej umowy).<\/p>\n<p>W przypadku wycofania zgody, dane zostan\u0105 przez nas usuni\u0119te niezw\u0142ocznie, nie p\u00f3\u017aniej ni\u017c w terminie 5 dni roboczych od dnia zg\u0142oszenia. To maksymalny czas, kt\u00f3ry jest nam potrzebny operacyjnie na usuni\u0119cie Pa\u0144stwa danych z naszych zasob\u00f3w.<\/p>\n<p>W zwi\u0105zku z przetwarzaniem przez nas danych u\u017cytkownik ma prawo dost\u0119pu do nich, ich poprawiania, \u017c\u0105dania usuni\u0119cia, ograniczenia przetwarzania. Przys\u0142uguje te\u017c Pa\u0144stwu prawo do z\u0142o\u017cenia skargi do organu nadzorczego, kt\u00f3rym jest Prezes Urz\u0119du Ochrony Danych Osobowych (adres: Prezes Urz\u0119du Ochrony Danych Osobowych, ul. Stawki 2, 00-193 Warszawa).<\/p>\n<p><strong>2. Dane Osobowe:<\/strong><\/p>\n<p>Administrator zobowi\u0105zuje si\u0119 podj\u0105\u0107 odpowiednie dzia\u0142ania maj\u0105ce na celu ochron\u0119 przed nieupowa\u017cnionym dost\u0119pem lub ujawnieniem danych osobom trzecim. Administrator informuje, i\u017c bazy danych operatora serwisu s\u0105 zabezpieczone przed wgl\u0105dem os\u00f3b trzecich. W przypadku pyta\u0144 zwi\u0105zanych z innymi aspektami prywatno\u015bci zwi\u0105zanymi z u\u017cytkowaniem serwisu http:\/\/mikado-restauracja.pl\/ prosimy kierowa\u0107 pytania na adres e-mail: <strong>biuro@trzcinscy.com<\/strong>.<\/p>\n<p><strong>3. Pliki Cookies<\/strong><\/p>\n<p>Administrator informuje, i\u017c Serwis gromadzi w spos\u00f3b automatyczny wy\u0142\u0105cznie informacje zawarte w plikach cookies. Administrator informuje, i\u017c Pliki cookies (tzw. \u201eciasteczka\u201d) to dane informatyczne, w szczeg\u00f3lno\u015bci pliki tekstowe, kt\u00f3re przechowywane s\u0105 w urz\u0105dzeniu ko\u0144cowym U\u017cytkownika Serwisu. Cookies zazwyczaj zawieraj\u0105 nazw\u0119 strony internetowej, z kt\u00f3rej pochodz\u0105, czas przechowywania ich na urz\u0105dzeniu ko\u0144cowym oraz unikalny numer.<\/p>\n<p>Pliki te pozwalaj\u0105 rozpozna\u0107 podstawowe dane na temat urz\u0105dzenia u\u017cytkownika (takie jak: typ urz\u0105dzenia, rozdzielczo\u015b\u0107 ekranu, kraj, z kt\u00f3rego dochodzi do wej\u015bcia) i dzi\u0119ki temu odpowiednio wy\u015bwietli\u0107 stron\u0119 internetow\u0105.<\/p>\n<p>Administrator informuje, i\u017c w ramach Serwisu stosowane s\u0105 nast\u0119puj\u0105ce rodzaje plik\u00f3w cookies:<\/p>\n<p>\u201eniezb\u0119dne\u201d pliki cookies, umo\u017cliwiaj\u0105ce korzystanie z us\u0142ug dost\u0119pnych w ramach Serwisu, np. uwierzytelniaj\u0105ce pliki cookies wykorzystywane do us\u0142ug wymagaj\u0105cych uwierzytelniania w ramach Serwisu; pliki cookies s\u0142u\u017c\u0105ce do zapewnienia bezpiecze\u0144stwa, np. wykorzystywane do wykrywania nadu\u017cy\u0107 w zakresie uwierzytelniania w ramach Serwisu;<\/p>\n<p>\u201ewydajno\u015bciowe\u201d pliki cookies, umo\u017cliwiaj\u0105ce zbieranie informacji o sposobie korzystania ze stron internetowych Serwisu;<\/p>\n<p>\u201efunkcjonalne\u201d pliki cookies, umo\u017cliwiaj\u0105ce \u201ezapami\u0119tanie\u201d wybranych przez U\u017cytkownika ustawie\u0144 i personalizacj\u0119 interfejsu U\u017cytkownika, np. w zakresie wybranego j\u0119zyka lub regionu, z kt\u00f3rego pochodzi U\u017cytkownik, rozmiaru czcionki, wygl\u0105du strony internetowej itp.;<\/p>\n<p>\u201ereklamowe\u201d pliki cookies, umo\u017cliwiaj\u0105ce dostarczanie U\u017cytkownikom tre\u015bci reklamowych bardziej dostosowanych do ich zainteresowa\u0144.<\/p>\n<p>W celach analitycznych oraz marketingowych wykorzystujemy pliki Cookies od dostawc\u00f3w rozwi\u0105za\u0144:<\/p>\n<p>\u2013 Google Analytics (analityka ruchu) (Administrator: Google Inc z siedzib\u0105 w USA),<\/p>\n<p>\u2013 Google AdWords (reklama remarketingowa) (Administrator: Google Ireland Limited z siedzib\u0105 w Irlandii),<\/p>\n<p>\u2013 Facebook (reklama remarketingowa oraz wy\u015bwietlanie post\u00f3w) (Administrator: Facebook Ireland Ltd. z siedzib\u0105 w Irlandii),<\/p>\n<p>Mog\u0105 Pa\u0144stwo samodzielnie i w ka\u017cdym czasie zmieni\u0107 ustawienia dotycz\u0105ce plik\u00f3w cookies, okre\u015blaj\u0105c warunki ich przechowywania i uzyskiwania dost\u0119pu przez pliki cookies do urz\u0105dzenia u\u017cytkownika.<\/p>\n<p>Administrator informuje, i\u017c przegl\u0105darki internetowe (oprogramowanie u\u017cytkownika serwisu) domy\u015blnie dopuszczaj\u0105 przechowywanie w urz\u0105dzeniu ko\u0144cowym plik\u00f3w cookies, Administrator informuje, i\u017c u\u017cytkownik serwisu zawsze mo\u017cesz zmieni\u0107 ustawienia przegl\u0105darki internetowej decyduj\u0105ce o u\u017cyciu plik\u00f3w cookies.<\/p>\n<p>Administrator informuje, \u017ce ograniczenia stosowania plik\u00f3w cookies mog\u0105 wp\u0142yn\u0105\u0107 na funkcjonalno\u015b\u0107 Serwisu. Administrator informuje, i\u017c Pliki cookies zamieszczane w urz\u0105dzeniu ko\u0144cowym u\u017cytkownika serwisu mog\u0105 by\u0107 wykorzystywane r\u00f3wnie\u017c przez wsp\u00f3\u0142pracuj\u0105cych z operatorem serwisu reklamodawc\u00f3w oraz partner\u00f3w. Administrator informuje, i\u017c podmiotem odpowiedzialnym za zamieszczanie plik\u00f3w cookies na urz\u0105dzeniu ko\u0144cowym u\u017cytkownika serwisu jednocze\u015bnie posiadaj\u0105cym do nich dost\u0119p jest operator Serwisu: Promenada Zak\u0142ad Gastronomiczny Tadeusz Trzci\u0144ski<strong>, NIP: 851-010-11-41, Bulwar Jana Szyma\u0144skiego 10 78-100 Ko\u0142obrzeg.<\/strong>\u00a0Administrator informuje, i\u017c informacje o sposobach obs\u0142ugi plik\u00f3w cookies dost\u0119pne jest w ustawieniach oprogramowania (przegl\u0105darki internetowej). Administrator informuje, i\u017c wi\u0119cej informacji o plikach cookies dost\u0119pnych jest w sekcji \u201epomoc\u201d w menu przegl\u0105darki internetowej.<\/p>\n<p><strong>4. Przekazywanie danych osobowych<\/strong><\/p>\n<p>Dostawcy us\u0142ug:<\/p>\n<p>Przekazujemy Pa\u0144stwa dane osobowe dostawcom us\u0142ug, z kt\u00f3rych korzystamy przy prowadzeniu serwisu oraz obs\u0142ugi zlece\u0144. Dostawcy us\u0142ug, kt\u00f3rym przekazujemy Pa\u0144stwa dane osobowe, w zale\u017cno\u015bci od sytuacji, s\u0105 podmiotami przetwarzaj\u0105cymi albo administratorami. Podmioty przetwarzaj\u0105ce to firmy dzia\u0142aj\u0105ce na nasze zlecenie, firmy hostingowe, systemy CRM, system fakturowy, firmy wsp\u00f3\u0142pracuj\u0105ce przy realizacji zlece\u0144. Administratorzy to firmy kt\u00f3re nie dzia\u0142aj\u0105 wy\u0142\u0105czni na nasze zlecenie, realizuj\u0105ce r\u00f3wnie\u017c w\u0142asne cele i sposoby wykorzystania Pa\u0144stwa danych. Dostawcy zlokalizowani s\u0105 na obszarze EOG oraz poza (np. USA).<\/p>\n<p>Organy Pa\u0144stwowe:<\/p>\n<p>Udost\u0119pniamy odpowiednie dane, uprawnionym organom Pa\u0144stwowym na mocy obowi\u0105zuj\u0105cego prawa, w przypadku wyst\u0105pienia danego organu pa\u0144stwowego o takie dane.<\/p>\n<p>Dostawcy:<\/p>\n<ol>\n<li>Facebook Ireland Limited<\/li>\n<\/ol>\n<p>Cel: Kampanie reklamowe (w tym remarketing) oraz mierzenie ich skuteczno\u015bci<\/p>\n<p>Rola: Administrator<\/p>\n<p>Lokalizacja: Irlandia<\/p>\n<ol>\n<li>Google Inc. (Google Analytics oraz Gmail.com)<\/li>\n<\/ol>\n<p>Cel: Us\u0142ugi analityczne \u2013 mierzenie ruchu na stronie, poczta e-mail<\/p>\n<p>Rola: Administrator<\/p>\n<p>Lokalizacja: USA<\/p>\n<ol>\n<li>Google Ireland Limited (Google AdWords)<\/li>\n<\/ol>\n<p>Cel: Kampanie reklamowe (w tym remarketing) oraz mierzenie ich skuteczno\u015bci<\/p>\n<p>Rola: Admnistrator<\/p>\n<p>Lokalizacja: Irlandia<\/p>\n<ol>\n<li>Netmark<\/li>\n<\/ol>\n<p>Cel: serwer danych<\/p>\n<p>Rola: Podmiot Przetwarzaj\u0105cy<\/p>\n<p>Lokalizacja: Polska<\/p>\n","protected":false},"excerpt":{"rendered":"<p>Firma Promenada Zak\u0142ad Gastronomiczny Tadeusz Trzci\u0144ski w\u0142a\u015bciciel serwisu\u00a0http:\/\/mikado-restauracja.pl\/, obowi\u0105zuje si\u0119 do poszanowania Pa\u0144stwa prawa do prywatno\u015bci w Internecie oraz do\u0142o\u017cenia wszelkich stara\u0144 w zakresie w\u0142a\u015bciwego zabezpieczenia wszelkich udost\u0119pnionych danych osobowych. 1. Dane Osobowe: Administratorem danych osobowych u\u017cytkownik\u00f3w strony internetowej jest Promenada Zak\u0142ad Gastronomiczny Tadeusz Trzci\u0144ski, NIP: 851-010-11-41, Bulwar Jana Szyma\u0144skiego 10 78-100 Ko\u0142obrzeg.\u00a0(\u201eAdministrator\u201d, \u201eUs\u0142ugodawca\u201d). Przetwarzanie [&hellip;]<\/p>\n","protected":false},"author":1,"featured_media":0,"parent":0,"menu_order":0,"comment_status":"closed","ping_status":"closed","template":"","meta":{"_acf_changed":false,"inline_featured_image":false,"footnotes":""},"class_list":["post-1400","page","type-page","status-publish","hentry"],"acf":[],"yoast_head":"\n<title>Datenschutzerkl\u00e4rung - Mikado Ko\u0142obrzeg Restaurant - 2 Panoramaterrassen zum Meer<\/title>\n<meta name=\"robots\" content=\"index, follow, max-snippet:-1, max-image-preview:large, max-video-preview:-1\" \/>\n<link rel=\"canonical\" href=\"https:\/\/mikado-restauracja.pl\/de\/datenschutzerklaerung\/\" \/>\n<meta property=\"og:locale\" content=\"de_DE\" \/>\n<meta property=\"og:type\" content=\"article\" \/>\n<meta property=\"og:title\" content=\"Datenschutzerkl\u00e4rung - Mikado Ko\u0142obrzeg Restaurant - 2 Panoramaterrassen zum Meer\" \/>\n<meta property=\"og:description\" content=\"Firma Promenada Zak\u0142ad Gastronomiczny Tadeusz Trzci\u0144ski w\u0142a\u015bciciel serwisu\u00a0http:\/\/mikado-restauracja.pl\/, obowi\u0105zuje si\u0119 do poszanowania Pa\u0144stwa prawa do prywatno\u015bci w Internecie oraz do\u0142o\u017cenia wszelkich stara\u0144 w zakresie w\u0142a\u015bciwego zabezpieczenia wszelkich udost\u0119pnionych danych osobowych. 1. Dane Osobowe: Administratorem danych osobowych u\u017cytkownik\u00f3w strony internetowej jest Promenada Zak\u0142ad Gastronomiczny Tadeusz Trzci\u0144ski, NIP: 851-010-11-41, Bulwar Jana Szyma\u0144skiego 10 78-100 Ko\u0142obrzeg.\u00a0(\u201eAdministrator\u201d, \u201eUs\u0142ugodawca\u201d). Przetwarzanie [&hellip;]\" \/>\n<meta property=\"og:url\" content=\"https:\/\/mikado-restauracja.pl\/de\/datenschutzerklaerung\/\" \/>\n<meta property=\"og:site_name\" content=\"Mikado Ko\u0142obrzeg Restaurant - 2 Panoramaterrassen zum Meer\" \/>\n<meta property=\"article:modified_time\" content=\"2022-05-16T12:45:38+00:00\" \/>\n<meta name=\"twitter:card\" content=\"summary_large_image\" \/>\n<meta name=\"twitter:label1\" content=\"Gesch\u00e4tzte Lesezeit\" \/>\n\t<meta name=\"twitter:data1\" content=\"6\u00a0Minuten\" \/>\n<script type=\"application\/ld+json\" class=\"yoast-schema-graph\">{\"@context\":\"https:\/\/schema.org\",\"@graph\":[{\"@type\":\"WebPage\",\"@id\":\"https:\/\/mikado-restauracja.pl\/de\/datenschutzerklaerung\/\",\"url\":\"https:\/\/mikado-restauracja.pl\/de\/datenschutzerklaerung\/\",\"name\":\"Datenschutzerkl\u00e4rung - Mikado Ko\u0142obrzeg Restaurant - 2 Panoramaterrassen zum Meer\",\"isPartOf\":{\"@id\":\"https:\/\/mikado-restauracja.pl\/#website\"},\"datePublished\":\"2021-07-23T12:54:54+00:00\",\"dateModified\":\"2022-05-16T12:45:38+00:00\",\"breadcrumb\":{\"@id\":\"https:\/\/mikado-restauracja.pl\/de\/datenschutzerklaerung\/#breadcrumb\"},\"inLanguage\":\"de\",\"potentialAction\":[{\"@type\":\"ReadAction\",\"target\":[\"https:\/\/mikado-restauracja.pl\/de\/datenschutzerklaerung\/\"]}]},{\"@type\":\"BreadcrumbList\",\"@id\":\"https:\/\/mikado-restauracja.pl\/de\/datenschutzerklaerung\/#breadcrumb\",\"itemListElement\":[{\"@type\":\"ListItem\",\"position\":1,\"name\":\"Strona g\u0142\u00f3wna\",\"item\":\"https:\/\/mikado-restauracja.pl\/de\/\"},{\"@type\":\"ListItem\",\"position\":2,\"name\":\"Datenschutzerkl\u00e4rung\"}]},{\"@type\":\"WebSite\",\"@id\":\"https:\/\/mikado-restauracja.pl\/#website\",\"url\":\"https:\/\/mikado-restauracja.pl\/\",\"name\":\"Mikado Ko\u0142obrzeg Restaurant - 2 Panoramaterrassen zum Meer\",\"description\":\"Ein Restaurant mit Meerblick in Kolberg. Mikado - Wir laden Sie ein.\",\"potentialAction\":[{\"@type\":\"SearchAction\",\"target\":{\"@type\":\"EntryPoint\",\"urlTemplate\":\"https:\/\/mikado-restauracja.pl\/?s={search_term_string}\"},\"query-input\":{\"@type\":\"PropertyValueSpecification\",\"valueRequired\":true,\"valueName\":\"search_term_string\"}}],\"inLanguage\":\"de\"}]}<\/script>\n","yoast_head_json":{"title":"Datenschutzerkl\u00e4rung - Mikado Ko\u0142obrzeg Restaurant - 2 Panoramaterrassen zum Meer","robots":{"index":"index","follow":"follow","max-snippet":"max-snippet:-1","max-image-preview":"max-image-preview:large","max-video-preview":"max-video-preview:-1"},"canonical":"https:\/\/mikado-restauracja.pl\/de\/datenschutzerklaerung\/","og_locale":"de_DE","og_type":"article","og_title":"Datenschutzerkl\u00e4rung - Mikado Ko\u0142obrzeg Restaurant - 2 Panoramaterrassen zum Meer","og_description":"Firma Promenada Zak\u0142ad Gastronomiczny Tadeusz Trzci\u0144ski w\u0142a\u015bciciel serwisu\u00a0http:\/\/mikado-restauracja.pl\/, obowi\u0105zuje si\u0119 do poszanowania Pa\u0144stwa prawa do prywatno\u015bci w Internecie oraz do\u0142o\u017cenia wszelkich stara\u0144 w zakresie w\u0142a\u015bciwego zabezpieczenia wszelkich udost\u0119pnionych danych osobowych. 1. Dane Osobowe: Administratorem danych osobowych u\u017cytkownik\u00f3w strony internetowej jest Promenada Zak\u0142ad Gastronomiczny Tadeusz Trzci\u0144ski, NIP: 851-010-11-41, Bulwar Jana Szyma\u0144skiego 10 78-100 Ko\u0142obrzeg.\u00a0(\u201eAdministrator\u201d, \u201eUs\u0142ugodawca\u201d). Przetwarzanie [&hellip;]","og_url":"https:\/\/mikado-restauracja.pl\/de\/datenschutzerklaerung\/","og_site_name":"Mikado Ko\u0142obrzeg Restaurant - 2 Panoramaterrassen zum Meer","article_modified_time":"2022-05-16T12:45:38+00:00","twitter_card":"summary_large_image","twitter_misc":{"Gesch\u00e4tzte Lesezeit":"6\u00a0Minuten"},"schema":{"@context":"https:\/\/schema.org","@graph":[{"@type":"WebPage","@id":"https:\/\/mikado-restauracja.pl\/de\/datenschutzerklaerung\/","url":"https:\/\/mikado-restauracja.pl\/de\/datenschutzerklaerung\/","name":"Datenschutzerkl\u00e4rung - Mikado Ko\u0142obrzeg Restaurant - 2 Panoramaterrassen zum Meer","isPartOf":{"@id":"https:\/\/mikado-restauracja.pl\/#website"},"datePublished":"2021-07-23T12:54:54+00:00","dateModified":"2022-05-16T12:45:38+00:00","breadcrumb":{"@id":"https:\/\/mikado-restauracja.pl\/de\/datenschutzerklaerung\/#breadcrumb"},"inLanguage":"de","potentialAction":[{"@type":"ReadAction","target":["https:\/\/mikado-restauracja.pl\/de\/datenschutzerklaerung\/"]}]},{"@type":"BreadcrumbList","@id":"https:\/\/mikado-restauracja.pl\/de\/datenschutzerklaerung\/#breadcrumb","itemListElement":[{"@type":"ListItem","position":1,"name":"Strona g\u0142\u00f3wna","item":"https:\/\/mikado-restauracja.pl\/de\/"},{"@type":"ListItem","position":2,"name":"Datenschutzerkl\u00e4rung"}]},{"@type":"WebSite","@id":"https:\/\/mikado-restauracja.pl\/#website","url":"https:\/\/mikado-restauracja.pl\/","name":"Mikado Ko\u0142obrzeg Restaurant - 2 Panoramaterrassen zum Meer","description":"Ein Restaurant mit Meerblick in Kolberg. Mikado - Wir laden Sie ein.","potentialAction":[{"@type":"SearchAction","target":{"@type":"EntryPoint","urlTemplate":"https:\/\/mikado-restauracja.pl\/?s={search_term_string}"},"query-input":{"@type":"PropertyValueSpecification","valueRequired":true,"valueName":"search_term_string"}}],"inLanguage":"de"}]}},"_links":{"self":[{"href":"https:\/\/mikado-restauracja.pl\/de\/wp-json\/wp\/v2\/pages\/1400","targetHints":{"allow":["GET"]}}],"collection":[{"href":"https:\/\/mikado-restauracja.pl\/de\/wp-json\/wp\/v2\/pages"}],"about":[{"href":"https:\/\/mikado-restauracja.pl\/de\/wp-json\/wp\/v2\/types\/page"}],"author":[{"embeddable":true,"href":"https:\/\/mikado-restauracja.pl\/de\/wp-json\/wp\/v2\/users\/1"}],"replies":[{"embeddable":true,"href":"https:\/\/mikado-restauracja.pl\/de\/wp-json\/wp\/v2\/comments?post=1400"}],"version-history":[{"count":1,"href":"https:\/\/mikado-restauracja.pl\/de\/wp-json\/wp\/v2\/pages\/1400\/revisions"}],"predecessor-version":[{"id":1416,"href":"https:\/\/mikado-restauracja.pl\/de\/wp-json\/wp\/v2\/pages\/1400\/revisions\/1416"}],"wp:attachment":[{"href":"https:\/\/mikado-restauracja.pl\/de\/wp-json\/wp\/v2\/media?parent=1400"}],"curies":[{"name":"wp","href":"https:\/\/api.w.org\/{rel}","templated":true}]}}