{"id":1402,"date":"2021-08-11T14:41:33","date_gmt":"2021-08-11T12:41:33","guid":{"rendered":"https:\/\/mikado-restauracja.pl\/pomoc-unijna\/"},"modified":"2021-08-11T14:41:33","modified_gmt":"2021-08-11T12:41:33","slug":"pomoc-unijna","status":"publish","type":"page","link":"https:\/\/mikado-restauracja.pl\/en\/pomoc-unijna\/","title":{"rendered":"Pomoc unijna"},"content":{"rendered":"<p><img loading=\"lazy\" decoding=\"async\" class=\"alignnone wp-image-490 size-full\" src=\"https:\/\/mikado-restauracja.pl\/otymsits\/2021\/08\/Rybactwo-i-morze.jpg\" alt=\"\" width=\"318\" height=\"70\" srcset=\"https:\/\/mikado-restauracja.pl\/otymsits\/2021\/08\/Rybactwo-i-morze.jpg 318w, https:\/\/mikado-restauracja.pl\/otymsits\/2021\/08\/Rybactwo-i-morze-300x66.jpg 300w\" sizes=\"auto, (max-width: 318px) 100vw, 318px\" \/><\/p>\n<p>Podnoszenie warto\u015bci produkt\u00f3w, tworzenie miejsc pracy, zach\u0119canie m\u0142odych ludzi i propagowanie innowacji na wszystkich etapach \u0142a\u0144cucha dostaw produkt\u00f3w w sektorze rybo\u0142\u00f3wstwa i akwakultury obejmuj\u0105cej podnoszenie warto\u015bci produkt\u00f3w sektora rybo\u0142\u00f3wstwa i akwakultury przez tworzenie lub rozwijanie \u0142a\u0144cucha dostaw, obejmuj\u0105cego dzia\u0142alno\u015b\u0107 zwi\u0105zana z produkcj\u0105, przetwarzaniem i obrotem produktami sektora rybo\u0142\u00f3wstwa i akwakultury<\/p>\n<p>&nbsp;<\/p>\n<p><img loading=\"lazy\" decoding=\"async\" class=\"aligncenter size-full wp-image-794\" src=\"https:\/\/mikado-restauracja.pl\/otymsits\/2021\/12\/mikado-rybacto-morze.jpeg\" alt=\"\" width=\"1329\" height=\"886\" srcset=\"https:\/\/mikado-restauracja.pl\/otymsits\/2021\/12\/mikado-rybacto-morze.jpeg 1329w, https:\/\/mikado-restauracja.pl\/otymsits\/2021\/12\/mikado-rybacto-morze-300x200.jpeg 300w, https:\/\/mikado-restauracja.pl\/otymsits\/2021\/12\/mikado-rybacto-morze-1024x683.jpeg 1024w, https:\/\/mikado-restauracja.pl\/otymsits\/2021\/12\/mikado-rybacto-morze-768x512.jpeg 768w\" sizes=\"auto, (max-width: 1329px) 100vw, 1329px\" \/><\/p>\n","protected":false},"excerpt":{"rendered":"<p>Podnoszenie warto\u015bci produkt\u00f3w, tworzenie miejsc pracy, zach\u0119canie m\u0142odych ludzi i propagowanie innowacji na wszystkich etapach \u0142a\u0144cucha dostaw produkt\u00f3w w sektorze rybo\u0142\u00f3wstwa i akwakultury obejmuj\u0105cej podnoszenie warto\u015bci produkt\u00f3w sektora rybo\u0142\u00f3wstwa i akwakultury przez tworzenie lub rozwijanie \u0142a\u0144cucha dostaw, obejmuj\u0105cego dzia\u0142alno\u015b\u0107 zwi\u0105zana z produkcj\u0105, przetwarzaniem i obrotem produktami sektora rybo\u0142\u00f3wstwa i akwakultury &nbsp;<\/p>\n","protected":false},"author":1,"featured_media":0,"parent":0,"menu_order":0,"comment_status":"closed","ping_status":"closed","template":"","meta":{"_acf_changed":false,"inline_featured_image":false,"footnotes":""},"class_list":["post-1402","page","type-page","status-publish","hentry"],"acf":[],"yoast_head":"\n<title>Pomoc unijna - Mikado Ko\u0142obrzeg Restaurant - 2 panoramic terraces to the sea<\/title>\n<meta name=\"robots\" content=\"noindex, follow\" \/>\n<meta property=\"og:locale\" content=\"en_US\" \/>\n<meta property=\"og:type\" content=\"article\" \/>\n<meta property=\"og:title\" content=\"Pomoc unijna - Mikado Ko\u0142obrzeg Restaurant - 2 panoramic terraces to the sea\" \/>\n<meta property=\"og:description\" content=\"Podnoszenie warto\u015bci produkt\u00f3w, tworzenie miejsc pracy, zach\u0119canie m\u0142odych ludzi i propagowanie innowacji na wszystkich etapach \u0142a\u0144cucha dostaw produkt\u00f3w w sektorze rybo\u0142\u00f3wstwa i akwakultury obejmuj\u0105cej podnoszenie warto\u015bci produkt\u00f3w sektora rybo\u0142\u00f3wstwa i akwakultury przez tworzenie lub rozwijanie \u0142a\u0144cucha dostaw, obejmuj\u0105cego dzia\u0142alno\u015b\u0107 zwi\u0105zana z produkcj\u0105, przetwarzaniem i obrotem produktami sektora rybo\u0142\u00f3wstwa i akwakultury &nbsp;\" \/>\n<meta property=\"og:url\" content=\"https:\/\/mikado-restauracja.pl\/en\/pomoc-unijna\/\" \/>\n<meta property=\"og:site_name\" content=\"Mikado Ko\u0142obrzeg Restaurant - 2 panoramic terraces to the sea\" \/>\n<meta property=\"og:image\" content=\"https:\/\/mikado-restauracja.pl\/otymsits\/2021\/08\/Rybactwo-i-morze.jpg\" \/>\n<meta name=\"twitter:card\" content=\"summary_large_image\" \/>\n<meta name=\"twitter:label1\" content=\"Est. reading time\" \/>\n\t<meta name=\"twitter:data1\" content=\"1 minute\" \/>\n<script type=\"application\/ld+json\" class=\"yoast-schema-graph\">{\"@context\":\"https:\/\/schema.org\",\"@graph\":[{\"@type\":\"WebPage\",\"@id\":\"https:\/\/mikado-restauracja.pl\/en\/pomoc-unijna\/\",\"url\":\"https:\/\/mikado-restauracja.pl\/en\/pomoc-unijna\/\",\"name\":\"Pomoc unijna - Mikado Ko\u0142obrzeg Restaurant - 2 panoramic terraces to the sea\",\"isPartOf\":{\"@id\":\"https:\/\/mikado-restauracja.pl\/#website\"},\"primaryImageOfPage\":{\"@id\":\"https:\/\/mikado-restauracja.pl\/en\/pomoc-unijna\/#primaryimage\"},\"image\":{\"@id\":\"https:\/\/mikado-restauracja.pl\/en\/pomoc-unijna\/#primaryimage\"},\"thumbnailUrl\":\"https:\/\/mikado-restauracja.pl\/otymsits\/2021\/08\/Rybactwo-i-morze.jpg\",\"datePublished\":\"2021-08-11T12:41:33+00:00\",\"breadcrumb\":{\"@id\":\"https:\/\/mikado-restauracja.pl\/en\/pomoc-unijna\/#breadcrumb\"},\"inLanguage\":\"en-US\",\"potentialAction\":[{\"@type\":\"ReadAction\",\"target\":[\"https:\/\/mikado-restauracja.pl\/en\/pomoc-unijna\/\"]}]},{\"@type\":\"ImageObject\",\"inLanguage\":\"en-US\",\"@id\":\"https:\/\/mikado-restauracja.pl\/en\/pomoc-unijna\/#primaryimage\",\"url\":\"https:\/\/mikado-restauracja.pl\/otymsits\/2021\/08\/Rybactwo-i-morze.jpg\",\"contentUrl\":\"https:\/\/mikado-restauracja.pl\/otymsits\/2021\/08\/Rybactwo-i-morze.jpg\"},{\"@type\":\"BreadcrumbList\",\"@id\":\"https:\/\/mikado-restauracja.pl\/en\/pomoc-unijna\/#breadcrumb\",\"itemListElement\":[{\"@type\":\"ListItem\",\"position\":1,\"name\":\"Strona g\u0142\u00f3wna\",\"item\":\"https:\/\/mikado-restauracja.pl\/en\/\"},{\"@type\":\"ListItem\",\"position\":2,\"name\":\"Pomoc unijna\"}]},{\"@type\":\"WebSite\",\"@id\":\"https:\/\/mikado-restauracja.pl\/#website\",\"url\":\"https:\/\/mikado-restauracja.pl\/\",\"name\":\"Mikado Ko\u0142obrzeg Restaurant - 2 panoramic terraces to the sea\",\"description\":\"A restaurant with a sea view in Ko\u0142obrzeg. Mikado - We invite you.\",\"potentialAction\":[{\"@type\":\"SearchAction\",\"target\":{\"@type\":\"EntryPoint\",\"urlTemplate\":\"https:\/\/mikado-restauracja.pl\/?s={search_term_string}\"},\"query-input\":{\"@type\":\"PropertyValueSpecification\",\"valueRequired\":true,\"valueName\":\"search_term_string\"}}],\"inLanguage\":\"en-US\"}]}<\/script>\n","yoast_head_json":{"title":"Pomoc unijna - Mikado Ko\u0142obrzeg Restaurant - 2 panoramic terraces to the sea","robots":{"index":"noindex","follow":"follow"},"og_locale":"en_US","og_type":"article","og_title":"Pomoc unijna - Mikado Ko\u0142obrzeg Restaurant - 2 panoramic terraces to the sea","og_description":"Podnoszenie warto\u015bci produkt\u00f3w, tworzenie miejsc pracy, zach\u0119canie m\u0142odych ludzi i propagowanie innowacji na wszystkich etapach \u0142a\u0144cucha dostaw produkt\u00f3w w sektorze rybo\u0142\u00f3wstwa i akwakultury obejmuj\u0105cej podnoszenie warto\u015bci produkt\u00f3w sektora rybo\u0142\u00f3wstwa i akwakultury przez tworzenie lub rozwijanie \u0142a\u0144cucha dostaw, obejmuj\u0105cego dzia\u0142alno\u015b\u0107 zwi\u0105zana z produkcj\u0105, przetwarzaniem i obrotem produktami sektora rybo\u0142\u00f3wstwa i akwakultury &nbsp;","og_url":"https:\/\/mikado-restauracja.pl\/en\/pomoc-unijna\/","og_site_name":"Mikado Ko\u0142obrzeg Restaurant - 2 panoramic terraces to the sea","og_image":[{"url":"https:\/\/mikado-restauracja.pl\/otymsits\/2021\/08\/Rybactwo-i-morze.jpg","type":"","width":"","height":""}],"twitter_card":"summary_large_image","twitter_misc":{"Est. reading time":"1 minute"},"schema":{"@context":"https:\/\/schema.org","@graph":[{"@type":"WebPage","@id":"https:\/\/mikado-restauracja.pl\/en\/pomoc-unijna\/","url":"https:\/\/mikado-restauracja.pl\/en\/pomoc-unijna\/","name":"Pomoc unijna - Mikado Ko\u0142obrzeg Restaurant - 2 panoramic terraces to the sea","isPartOf":{"@id":"https:\/\/mikado-restauracja.pl\/#website"},"primaryImageOfPage":{"@id":"https:\/\/mikado-restauracja.pl\/en\/pomoc-unijna\/#primaryimage"},"image":{"@id":"https:\/\/mikado-restauracja.pl\/en\/pomoc-unijna\/#primaryimage"},"thumbnailUrl":"https:\/\/mikado-restauracja.pl\/otymsits\/2021\/08\/Rybactwo-i-morze.jpg","datePublished":"2021-08-11T12:41:33+00:00","breadcrumb":{"@id":"https:\/\/mikado-restauracja.pl\/en\/pomoc-unijna\/#breadcrumb"},"inLanguage":"en-US","potentialAction":[{"@type":"ReadAction","target":["https:\/\/mikado-restauracja.pl\/en\/pomoc-unijna\/"]}]},{"@type":"ImageObject","inLanguage":"en-US","@id":"https:\/\/mikado-restauracja.pl\/en\/pomoc-unijna\/#primaryimage","url":"https:\/\/mikado-restauracja.pl\/otymsits\/2021\/08\/Rybactwo-i-morze.jpg","contentUrl":"https:\/\/mikado-restauracja.pl\/otymsits\/2021\/08\/Rybactwo-i-morze.jpg"},{"@type":"BreadcrumbList","@id":"https:\/\/mikado-restauracja.pl\/en\/pomoc-unijna\/#breadcrumb","itemListElement":[{"@type":"ListItem","position":1,"name":"Strona g\u0142\u00f3wna","item":"https:\/\/mikado-restauracja.pl\/en\/"},{"@type":"ListItem","position":2,"name":"Pomoc unijna"}]},{"@type":"WebSite","@id":"https:\/\/mikado-restauracja.pl\/#website","url":"https:\/\/mikado-restauracja.pl\/","name":"Mikado Ko\u0142obrzeg Restaurant - 2 panoramic terraces to the sea","description":"A restaurant with a sea view in Ko\u0142obrzeg. Mikado - We invite you.","potentialAction":[{"@type":"SearchAction","target":{"@type":"EntryPoint","urlTemplate":"https:\/\/mikado-restauracja.pl\/?s={search_term_string}"},"query-input":{"@type":"PropertyValueSpecification","valueRequired":true,"valueName":"search_term_string"}}],"inLanguage":"en-US"}]}},"_links":{"self":[{"href":"https:\/\/mikado-restauracja.pl\/en\/wp-json\/wp\/v2\/pages\/1402","targetHints":{"allow":["GET"]}}],"collection":[{"href":"https:\/\/mikado-restauracja.pl\/en\/wp-json\/wp\/v2\/pages"}],"about":[{"href":"https:\/\/mikado-restauracja.pl\/en\/wp-json\/wp\/v2\/types\/page"}],"author":[{"embeddable":true,"href":"https:\/\/mikado-restauracja.pl\/en\/wp-json\/wp\/v2\/users\/1"}],"replies":[{"embeddable":true,"href":"https:\/\/mikado-restauracja.pl\/en\/wp-json\/wp\/v2\/comments?post=1402"}],"version-history":[{"count":0,"href":"https:\/\/mikado-restauracja.pl\/en\/wp-json\/wp\/v2\/pages\/1402\/revisions"}],"wp:attachment":[{"href":"https:\/\/mikado-restauracja.pl\/en\/wp-json\/wp\/v2\/media?parent=1402"}],"curies":[{"name":"wp","href":"https:\/\/api.w.org\/{rel}","templated":true}]}}